{"id":5212,"date":"2022-05-11T16:02:38","date_gmt":"2022-05-11T14:02:38","guid":{"rendered":"https:\/\/aquamotion-reha.de\/aquamotion\/"},"modified":"2022-08-31T14:36:43","modified_gmt":"2022-08-31T12:36:43","slug":"aquamotion","status":"publish","type":"page","link":"https:\/\/aquamotion-reha.de\/en\/","title":{"rendered":"Aquamotion"},"content":{"rendered":"\t\t<div data-elementor-type=\"wp-page\" data-elementor-id=\"5212\" class=\"elementor elementor-5212 elementor-4631\" data-elementor-post-type=\"page\">\n\t\t\t\t\t\t<div class=\"wavo-column-gap-no elementor-section elementor-top-section elementor-element elementor-element-17aefab2 elementor-section-stretched elementor-section-full_width elementor-section-content-middle wavo-parallax jarallax parallax-yes elementor-section-height-min-height elementor-section-height-default elementor-section-items-middle\" data-wavo-bg-video=\"{&quot;provider&quot;:&quot;hosted&quot;,&quot;video_id&quot;:&quot;https:\/\/aquamotion-reha.de\/wp-content\/uploads\/AdobeStock_153862285_Video_HD_Preview.mov&quot;}\" data-wavo-parallax=\"{&quot;type&quot;:&quot;scroll&quot;,&quot;speed&quot;:&quot;1.2&quot;,&quot;imgsize&quot;:&quot;cover&quot;,&quot;imgsrc&quot;:&quot;https:\/\/aquamotion-reha.de\/wp-content\/uploads\/AdobeStock_134305902_Preview.jpeg&quot;,&quot;mobile&quot;:&quot;&quot;}\" data-id=\"17aefab2\" data-element_type=\"section\" data-settings=\"{&quot;stretch_section&quot;:&quot;section-stretched&quot;,&quot;background_background&quot;:&quot;video&quot;,&quot;background_video_link&quot;:&quot;https:\\\/\\\/aquamotion-reha.de\\\/wp-content\\\/uploads\\\/AdobeStock_153862285_Video_HD_Preview.mov&quot;,&quot;background_play_on_mobile&quot;:&quot;yes&quot;}\">\n\t\t\t\t\t\t\t\t<div class=\"elementor-background-video-container\">\n\t\t\t\t\t\t\t\t\t\t\t\t\t<video class=\"elementor-background-video-hosted\" autoplay muted playsinline loop><\/video>\n\t\t\t\t\t\t\t\t\t\t\t<\/div>\n\t\t\t\t\t\t\t\t\t<div class=\"elementor-background-overlay\"><\/div>\n\t\t\t\t\t\t\t<div class=\"elementor-container elementor-column-gap-no\">\n\t\t\t\t\t<div class=\"elementor-column elementor-col-100 elementor-top-column elementor-element elementor-element-82279f9\" data-id=\"82279f9\" data-element_type=\"column\">\n\t\t\t<div class=\"elementor-widget-wrap elementor-element-populated\">\n\t\t\t\t\t\t<section class=\"wavo-column-gap-default elementor-section elementor-inner-section elementor-element elementor-element-844345f elementor-section-boxed elementor-section-height-default elementor-section-height-default\" data-id=\"844345f\" data-element_type=\"section\">\n\t\t\t\t\t\t<div class=\"elementor-container elementor-column-gap-default\">\n\t\t\t\t\t<div class=\"elementor-column elementor-col-50 elementor-inner-column elementor-element elementor-element-a76799b\" data-id=\"a76799b\" data-element_type=\"column\">\n\t\t\t<div class=\"elementor-widget-wrap elementor-element-populated\">\n\t\t\t\t\t\t<div class=\"elementor-element elementor-element-29b4334 wavo-transform transform-type-translate elementor-widget elementor-widget-heading\" data-id=\"29b4334\" data-element_type=\"widget\" data-widget_type=\"heading.default\">\n\t\t\t\t<div class=\"elementor-widget-container\">\n\t\t\t\t\t<h2 class=\"elementor-heading-title elementor-size-default\">Lorem ipsum<br>\ndolor<br>\nsit amet.<\/h2>\t\t\t\t<\/div>\n\t\t\t\t<\/div>\n\t\t\t\t<div data-split-settings=\"{&quot;type&quot;:&quot;chars&quot;,&quot;animation&quot;:&quot;fadeInUp&quot;}\" class=\"elementor-element elementor-element-42957bc wavo-headig-split heading-has-split-yes wavo-headig-line heading-has-line-yes wavo-transform transform-type-translate elementor-widget elementor-widget-heading\" data-id=\"42957bc\" data-element_type=\"widget\" data-widget_type=\"heading.default\">\n\t\t\t\t<div class=\"elementor-widget-container\">\n\t\t\t\t\t<h6 class=\"elementor-heading-title elementor-size-default\">Lorem ipsum<\/h6>\t\t\t\t<\/div>\n\t\t\t\t<\/div>\n\t\t\t\t\t<\/div>\n\t\t<\/div>\n\t\t\t\t<div class=\"elementor-column elementor-col-50 elementor-inner-column elementor-element elementor-element-e249478 elementor-hidden-mobile\" data-id=\"e249478\" data-element_type=\"column\">\n\t\t\t<div class=\"elementor-widget-wrap\">\n\t\t\t\t\t\t\t<\/div>\n\t\t<\/div>\n\t\t\t\t\t<\/div>\n\t\t<\/section>\n\t\t\t\t\t<\/div>\n\t\t<\/div>\n\t\t\t\t\t<\/div>\n\t\t<\/div>\n\t\t\t\t<div class=\"wavo-column-gap-default elementor-section elementor-top-section elementor-element elementor-element-2eb3fbb5 elementor-section-content-middle elementor-hidden-tablet elementor-hidden-mobile elementor-section-boxed elementor-section-height-default elementor-section-height-default\" data-id=\"2eb3fbb5\" data-element_type=\"section\" data-settings=\"{&quot;background_background&quot;:&quot;classic&quot;,&quot;sticky&quot;:&quot;top&quot;,&quot;sticky_on&quot;:[&quot;desktop&quot;,&quot;tablet&quot;],&quot;sticky_offset&quot;:0,&quot;sticky_effects_offset&quot;:0,&quot;sticky_anchor_link_offset&quot;:0}\">\n\t\t\t\t\t\t<div class=\"elementor-container elementor-column-gap-default\">\n\t\t\t\t\t<div class=\"elementor-column elementor-col-100 elementor-top-column elementor-element elementor-element-4d8cbe3c\" data-id=\"4d8cbe3c\" data-element_type=\"column\">\n\t\t\t<div class=\"elementor-widget-wrap elementor-element-populated\">\n\t\t\t\t\t\t<div class=\"elementor-element elementor-element-9ad2688 elementor-widget elementor-widget-wavo-header-menu\" data-id=\"9ad2688\" data-element_type=\"widget\" data-widget_type=\"wavo-header-menu.default\">\n\t\t\t\t<div class=\"elementor-widget-container\">\n\t\t\t\t\t<div id=\"nav-9ad2688\" class=\"header wavo_nav\" data-ntr-custom-header><div class=\"header_container\"><div class=\"header_inner\"><nav class=\"header_nav wavo_nav\"><a class=\"header_nav_close\" href=\"#\"><span class=\"header_nav_close_text\">Close<\/span><span class=\"header_nav_close_icon icon is-close\"><i class=\"fa fa-times\" aria-hidden=\"true\"><\/i><\/span><\/a><ul class=\"header_nav_items\"><li id=\"menu-item-5705\" class=\"menu-item menu-item-type-post_type menu-item-object-page menu-item-home menu-item-5705\"><a href=\"https:\/\/aquamotion-reha.de\/aquamotion\/\"><span class=\"button_text\">Aquamotion<\/span><\/a><\/li>\n<\/ul><\/nav><div class=\"header_nav_toggle menu-icon\"><span class=\"icon\"><i><\/i><i><\/i><\/span><span class=\"text\" data-splitting>Menu<\/span><\/div><\/div><\/div><\/div>\t\t\t\t<\/div>\n\t\t\t\t<\/div>\n\t\t\t\t\t<\/div>\n\t\t<\/div>\n\t\t\t\t\t<\/div>\n\t\t<\/div>\n\t\t\t\t<div class=\"wavo-column-gap-default elementor-section elementor-top-section elementor-element elementor-element-6c0158fc nt-section section-padding pb-0 elementor-section-stretched elementor-section-content-middle elementor-section-boxed elementor-section-height-default elementor-section-height-default\" data-id=\"6c0158fc\" data-element_type=\"section\" data-settings=\"{&quot;stretch_section&quot;:&quot;section-stretched&quot;}\">\n\t\t\t\t\t\t<div class=\"elementor-container elementor-column-gap-default\">\n\t\t\t\t\t<div class=\"elementor-column elementor-col-50 elementor-top-column elementor-element elementor-element-5f1255c\" data-id=\"5f1255c\" data-element_type=\"column\">\n\t\t\t<div class=\"elementor-widget-wrap elementor-element-populated\">\n\t\t\t\t\t\t<div class=\"elementor-element elementor-element-6cc42ff7 elementor-widget elementor-widget-wavo-about-two-images\" data-id=\"6cc42ff7\" data-element_type=\"widget\" data-widget_type=\"wavo-about-two-images.default\">\n\t\t\t\t<div class=\"elementor-widget-container\">\n\t\t\t\t\t<div class=\"agency\"><div class=\"imgsec\"><div class=\"row\"><div class=\"col-md-6\"><div class=\"item\"><div class=\"imgone big-bord\" data-wow-delay=\".3s\"><img decoding=\"async\" class=\"thumparallax-down lazyload\" src=\"https:\/\/aquamotion-reha.de\/wp-content\/uploads\/Sorka1a.jpg\" alt=\"Sorka1a.jpg\"\/><\/div><\/div><\/div><div class=\"col-md-6\"><div class=\"item\"><div class=\"imgtwo big-bord\" data-wow-delay=\".2s\"><img decoding=\"async\" class=\"thumparallax\" src=\"https:\/\/aquamotion-reha.de\/wp-content\/uploads\/Sorka1b.jpg\" alt=\"Sorka1a.jpg\"\/><\/div><\/div><\/div><\/div><\/div><\/div>\t\t\t\t<\/div>\n\t\t\t\t<\/div>\n\t\t\t\t\t<\/div>\n\t\t<\/div>\n\t\t\t\t<div class=\"elementor-column elementor-col-50 elementor-top-column elementor-element elementor-element-45f91c5b\" data-id=\"45f91c5b\" data-element_type=\"column\">\n\t\t\t<div class=\"elementor-widget-wrap elementor-element-populated\">\n\t\t\t\t\t\t<div data-split-settings=\"{&quot;type&quot;:&quot;chars&quot;,&quot;animation&quot;:&quot;fadeInUp&quot;}\" class=\"elementor-element elementor-element-67a99d00 wavo-headig-split heading-has-split-yes wavo-headig-line heading-has-line-yes wavo-transform transform-type-translate elementor-widget elementor-widget-heading\" data-id=\"67a99d00\" data-element_type=\"widget\" data-widget_type=\"heading.default\">\n\t\t\t\t<div class=\"elementor-widget-container\">\n\t\t\t\t\t<h6 class=\"elementor-heading-title elementor-size-default\">Lorem ipsum<\/h6>\t\t\t\t<\/div>\n\t\t\t\t<\/div>\n\t\t\t\t<div data-split-settings=\"{&quot;type&quot;:&quot;chars&quot;,&quot;animation&quot;:&quot;fadeInUp&quot;}\" class=\"elementor-element elementor-element-221f5796 wavo-headig-split heading-has-split-yes elementor-widget__width-initial elementor-widget-tablet__width-initial elementor-widget-mobile__width-initial wavo-transform transform-type-translate elementor-widget elementor-widget-heading\" data-id=\"221f5796\" data-element_type=\"widget\" data-widget_type=\"heading.default\">\n\t\t\t\t<div class=\"elementor-widget-container\">\n\t\t\t\t\t<h4 class=\"elementor-heading-title elementor-size-default\">Lorem ipsum dolor sit amet lorem ipsum<\/h4>\t\t\t\t<\/div>\n\t\t\t\t<\/div>\n\t\t\t\t<div data-split-settings=\"{&quot;type&quot;:&quot;chars&quot;,&quot;animation&quot;:&quot;fadeIn2&quot;}\" class=\"elementor-element elementor-element-69c99a15 wavo-headig-split heading-has-split-yes elementor-widget__width-initial wavo-transform transform-type-translate elementor-widget elementor-widget-heading\" data-id=\"69c99a15\" data-element_type=\"widget\" data-widget_type=\"heading.default\">\n\t\t\t\t<div class=\"elementor-widget-container\">\n\t\t\t\t\t<p class=\"elementor-heading-title elementor-size-default\">Lorem ipsum dolor sit amet, consectetuer adipiscing elit. Aenean commodo ligula eget dolor. Aenean massa. Cum sociis natoque penatibus et magnis dis parturient montes, nascetur ridiculus mus. Donec quam felis, ultricies nec, pellentesque eu, pretium quis, sem. Nulla consequat massa quis enim. Lorem ipsum dolor sit amet, consectetuer adipiscing elit. Aenean commodo ligula eget dolor. Aenean massa. Lorem ipsum dolor sit amet, consectetuer adipi- scing elit.\n  <\/p>\t\t\t\t<\/div>\n\t\t\t\t<\/div>\n\t\t\t\t<div class=\"elementor-element elementor-element-98dd502 elementor-align-left elementor-widget elementor-widget-button\" data-id=\"98dd502\" data-element_type=\"widget\" data-widget_type=\"button.default\">\n\t\t\t\t<div class=\"elementor-widget-container\">\n\t\t\t\t\t\t\t\t\t<div class=\"elementor-button-wrapper\">\n\t\t\t\t\t<a class=\"elementor-button elementor-button-link elementor-size-md\" href=\"#\">\n\t\t\t\t\t\t<span class=\"elementor-button-content-wrapper\">\n\t\t\t\t\t\t\t\t\t<span class=\"elementor-button-text\">mehr erfahren<\/span>\n\t\t\t\t\t<\/span>\n\t\t\t\t\t<\/a>\n\t\t\t\t<\/div>\n\t\t\t\t\t\t\t\t<\/div>\n\t\t\t\t<\/div>\n\t\t\t\t\t<\/div>\n\t\t<\/div>\n\t\t\t\t\t<\/div>\n\t\t<\/div>\n\t\t\t\t<section class=\"wavo-column-gap-default elementor-section elementor-top-section elementor-element elementor-element-e9ad242 elementor-section-height-min-height elementor-section-boxed elementor-section-height-default elementor-section-items-middle\" data-id=\"e9ad242\" data-element_type=\"section\" data-settings=\"{&quot;background_background&quot;:&quot;classic&quot;}\">\n\t\t\t\t\t\t<div class=\"elementor-container elementor-column-gap-default\">\n\t\t\t\t\t<div class=\"elementor-column elementor-col-100 elementor-top-column elementor-element elementor-element-ff3b11a\" data-id=\"ff3b11a\" data-element_type=\"column\">\n\t\t\t<div class=\"elementor-widget-wrap elementor-element-populated\">\n\t\t\t\t\t\t<section class=\"wavo-column-gap-default elementor-section elementor-inner-section elementor-element elementor-element-09fb0c5 elementor-section-boxed elementor-section-height-default elementor-section-height-default\" data-id=\"09fb0c5\" data-element_type=\"section\">\n\t\t\t\t\t\t<div class=\"elementor-container elementor-column-gap-default\">\n\t\t\t\t\t<div class=\"elementor-column elementor-col-50 elementor-inner-column elementor-element elementor-element-aab2f93\" data-id=\"aab2f93\" data-element_type=\"column\">\n\t\t\t<div class=\"elementor-widget-wrap elementor-element-populated\">\n\t\t\t\t\t\t<div class=\"elementor-element elementor-element-709765a wavo-transform transform-type-translate elementor-widget elementor-widget-heading\" data-id=\"709765a\" data-element_type=\"widget\" data-widget_type=\"heading.default\">\n\t\t\t\t<div class=\"elementor-widget-container\">\n\t\t\t\t\t<h2 class=\"elementor-heading-title elementor-size-default\">Lorem ipsum<br>\ndolor<br>\nsit amet.<\/h2>\t\t\t\t<\/div>\n\t\t\t\t<\/div>\n\t\t\t\t\t<\/div>\n\t\t<\/div>\n\t\t\t\t<div class=\"elementor-column elementor-col-50 elementor-inner-column elementor-element elementor-element-4a4ef4f\" data-id=\"4a4ef4f\" data-element_type=\"column\">\n\t\t\t<div class=\"elementor-widget-wrap\">\n\t\t\t\t\t\t\t<\/div>\n\t\t<\/div>\n\t\t\t\t\t<\/div>\n\t\t<\/section>\n\t\t\t\t\t<\/div>\n\t\t<\/div>\n\t\t\t\t\t<\/div>\n\t\t<\/section>\n\t\t\t\t<div class=\"wavo-column-gap-default elementor-section elementor-top-section elementor-element elementor-element-0a0ba5b nt-section section-padding pb-0 elementor-section-stretched elementor-section-content-middle elementor-section-boxed elementor-section-height-default elementor-section-height-default\" data-id=\"0a0ba5b\" data-element_type=\"section\" data-settings=\"{&quot;stretch_section&quot;:&quot;section-stretched&quot;}\">\n\t\t\t\t\t\t<div class=\"elementor-container elementor-column-gap-default\">\n\t\t\t\t\t<div class=\"elementor-column elementor-col-100 elementor-top-column elementor-element elementor-element-e4075e0\" data-id=\"e4075e0\" data-element_type=\"column\">\n\t\t\t<div class=\"elementor-widget-wrap elementor-element-populated\">\n\t\t\t\t\t\t<div data-split-settings=\"{&quot;type&quot;:&quot;chars&quot;,&quot;animation&quot;:&quot;fadeInUp&quot;}\" class=\"elementor-element elementor-element-69bbea9 wavo-headig-split heading-has-split-yes wavo-headig-line heading-has-line-yes wavo-transform transform-type-translate elementor-widget elementor-widget-heading\" data-id=\"69bbea9\" data-element_type=\"widget\" data-widget_type=\"heading.default\">\n\t\t\t\t<div class=\"elementor-widget-container\">\n\t\t\t\t\t<h6 class=\"elementor-heading-title elementor-size-default\">News<\/h6>\t\t\t\t<\/div>\n\t\t\t\t<\/div>\n\t\t\t\t<div data-split-settings=\"{&quot;type&quot;:&quot;chars&quot;,&quot;animation&quot;:&quot;fadeInUp&quot;}\" class=\"elementor-element elementor-element-0da2550 wavo-headig-split heading-has-split-yes elementor-widget__width-initial elementor-widget-tablet__width-initial elementor-widget-mobile__width-initial wavo-transform transform-type-translate elementor-widget elementor-widget-heading\" data-id=\"0da2550\" data-element_type=\"widget\" data-widget_type=\"heading.default\">\n\t\t\t\t<div class=\"elementor-widget-container\">\n\t\t\t\t\t<h4 class=\"elementor-heading-title elementor-size-default\">Lorem ipsum dolor sit amet<\/h4>\t\t\t\t<\/div>\n\t\t\t\t<\/div>\n\t\t\t\t\t<\/div>\n\t\t<\/div>\n\t\t\t\t\t<\/div>\n\t\t<\/div>\n\t\t\t\t<div class=\"wavo-column-gap-no elementor-section elementor-top-section elementor-element elementor-element-7feda5f1 elementor-section-stretched nt-section section-padding elementor-section-boxed elementor-section-height-default elementor-section-height-default\" data-id=\"7feda5f1\" data-element_type=\"section\" data-settings=\"{&quot;stretch_section&quot;:&quot;section-stretched&quot;}\">\n\t\t\t\t\t\t\t<div class=\"elementor-background-overlay\"><\/div>\n\t\t\t\t\t\t\t<div class=\"elementor-container elementor-column-gap-no\">\n\t\t\t\t\t<div class=\"elementor-column elementor-col-100 elementor-top-column elementor-element elementor-element-75e51018\" data-id=\"75e51018\" data-element_type=\"column\" data-settings=\"{&quot;background_background&quot;:&quot;classic&quot;}\">\n\t\t\t<div class=\"elementor-widget-wrap elementor-element-populated\">\n\t\t\t\t\t\t<div class=\"elementor-element elementor-element-76deb7d1 elementor-widget elementor-widget-wavo-blog-slider\" data-id=\"76deb7d1\" data-element_type=\"widget\" data-widget_type=\"wavo-blog-slider.default\">\n\t\t\t\t<div class=\"elementor-widget-container\">\n\t\t\t\t\t<p class=\"text\">No post found!<\/p>\t\t\t\t<\/div>\n\t\t\t\t<\/div>\n\t\t\t\t\t<\/div>\n\t\t<\/div>\n\t\t\t\t\t<\/div>\n\t\t<\/div>\n\t\t\t\t<\/div>\n\t\t","protected":false},"excerpt":{"rendered":"<p>Lorem ipsum dolor sit amet. Lorem ipsum Close Home \u00dcber uns Reha | Leistungen Wasserf\u00fchranlage Ausbildung | Sport Lehrg\u00e4nge und Unterricht Beritt Kaufberatung | Vermarktung Aktuelles Kontakt Menu Lorem ipsum Lorem ipsum dolor sit amet lorem ipsum Lorem ipsum dolor sit amet, consectetuer adipiscing elit. Aenean commodo ligula eget dolor. Aenean massa. Cum sociis natoque&#8230;<\/p>\n","protected":false},"author":1,"featured_media":0,"parent":0,"menu_order":0,"comment_status":"closed","ping_status":"closed","template":"elementor_header_footer","meta":{"_acf_changed":false,"footnotes":""},"class_list":{"0":"post-5212","1":"page","2":"type-page","3":"status-publish","4":"hentry","5":"nt-post-class","6":"","7":"thumb-none","9":"excerpt-none"},"acf":[],"yoast_head":"<!-- This site is optimized with the Yoast SEO plugin v24.6 - https:\/\/yoast.com\/wordpress\/plugins\/seo\/ -->\n<title>Aquamotion - Aquamotion Reha<\/title>\n<meta name=\"robots\" content=\"index, follow, max-snippet:-1, max-image-preview:large, max-video-preview:-1\" \/>\n<link rel=\"canonical\" href=\"https:\/\/aquamotion-reha.de\/en\/\" \/>\n<meta property=\"og:locale\" content=\"en_US\" \/>\n<meta property=\"og:type\" content=\"article\" \/>\n<meta property=\"og:title\" content=\"Aquamotion - Aquamotion Reha\" \/>\n<meta property=\"og:description\" content=\"Lorem ipsum dolor sit amet. Lorem ipsum Close Home \u00dcber uns Reha | Leistungen Wasserf\u00fchranlage Ausbildung | Sport Lehrg\u00e4nge und Unterricht Beritt Kaufberatung | Vermarktung Aktuelles Kontakt Menu Lorem ipsum Lorem ipsum dolor sit amet lorem ipsum Lorem ipsum dolor sit amet, consectetuer adipiscing elit. Aenean commodo ligula eget dolor. Aenean massa. Cum sociis natoque...\" \/>\n<meta property=\"og:url\" content=\"https:\/\/aquamotion-reha.de\/en\/\" \/>\n<meta property=\"og:site_name\" content=\"Aquamotion Reha\" \/>\n<meta property=\"article:publisher\" content=\"https:\/\/www.facebook.com\/aquamotion.reha\/\" \/>\n<meta property=\"article:modified_time\" content=\"2022-08-31T12:36:43+00:00\" \/>\n<meta property=\"og:image\" content=\"https:\/\/aquamotion-reha.de\/wp-content\/uploads\/Sorka1a.jpg\" \/>\n<meta name=\"twitter:card\" content=\"summary_large_image\" \/>\n<meta name=\"twitter:label1\" content=\"Est. reading time\" \/>\n\t<meta name=\"twitter:data1\" content=\"1 minute\" \/>\n<script type=\"application\/ld+json\" class=\"yoast-schema-graph\">{\"@context\":\"https:\/\/schema.org\",\"@graph\":[{\"@type\":\"WebPage\",\"@id\":\"https:\/\/aquamotion-reha.de\/en\/\",\"url\":\"https:\/\/aquamotion-reha.de\/en\/\",\"name\":\"Aquamotion - Aquamotion Reha\",\"isPartOf\":{\"@id\":\"https:\/\/aquamotion-reha.de\/en\/#website\"},\"primaryImageOfPage\":{\"@id\":\"https:\/\/aquamotion-reha.de\/en\/#primaryimage\"},\"image\":{\"@id\":\"https:\/\/aquamotion-reha.de\/en\/#primaryimage\"},\"thumbnailUrl\":\"https:\/\/aquamotion-reha.de\/wp-content\/uploads\/Sorka1a.jpg\",\"datePublished\":\"2022-05-11T14:02:38+00:00\",\"dateModified\":\"2022-08-31T12:36:43+00:00\",\"breadcrumb\":{\"@id\":\"https:\/\/aquamotion-reha.de\/en\/#breadcrumb\"},\"inLanguage\":\"en-US\",\"potentialAction\":[{\"@type\":\"ReadAction\",\"target\":[\"https:\/\/aquamotion-reha.de\/en\/\"]}]},{\"@type\":\"ImageObject\",\"inLanguage\":\"en-US\",\"@id\":\"https:\/\/aquamotion-reha.de\/en\/#primaryimage\",\"url\":\"https:\/\/aquamotion-reha.de\/wp-content\/uploads\/Sorka1a.jpg\",\"contentUrl\":\"https:\/\/aquamotion-reha.de\/wp-content\/uploads\/Sorka1a.jpg\"},{\"@type\":\"BreadcrumbList\",\"@id\":\"https:\/\/aquamotion-reha.de\/en\/#breadcrumb\",\"itemListElement\":[{\"@type\":\"ListItem\",\"position\":1,\"name\":\"Startseite\",\"item\":\"https:\/\/aquamotion-reha.de\/en\/\"},{\"@type\":\"ListItem\",\"position\":2,\"name\":\"Aquamotion\"}]},{\"@type\":\"WebSite\",\"@id\":\"https:\/\/aquamotion-reha.de\/en\/#website\",\"url\":\"https:\/\/aquamotion-reha.de\/en\/\",\"name\":\"Aquamotion Reha\",\"description\":\"Rehazentrum f\u00fcr Pferde\",\"publisher\":{\"@id\":\"https:\/\/aquamotion-reha.de\/en\/#organization\"},\"potentialAction\":[{\"@type\":\"SearchAction\",\"target\":{\"@type\":\"EntryPoint\",\"urlTemplate\":\"https:\/\/aquamotion-reha.de\/en\/?s={search_term_string}\"},\"query-input\":{\"@type\":\"PropertyValueSpecification\",\"valueRequired\":true,\"valueName\":\"search_term_string\"}}],\"inLanguage\":\"en-US\"},{\"@type\":\"Organization\",\"@id\":\"https:\/\/aquamotion-reha.de\/en\/#organization\",\"name\":\"Aquamotion Reha\",\"url\":\"https:\/\/aquamotion-reha.de\/en\/\",\"logo\":{\"@type\":\"ImageObject\",\"inLanguage\":\"en-US\",\"@id\":\"https:\/\/aquamotion-reha.de\/en\/#\/schema\/logo\/image\/\",\"url\":\"https:\/\/aquamotion-reha.de\/wp-content\/uploads\/AquaMotion_Logo_FINAL_UntertitelDeutsch_4C.png\",\"contentUrl\":\"https:\/\/aquamotion-reha.de\/wp-content\/uploads\/AquaMotion_Logo_FINAL_UntertitelDeutsch_4C.png\",\"width\":2081,\"height\":986,\"caption\":\"Aquamotion Reha\"},\"image\":{\"@id\":\"https:\/\/aquamotion-reha.de\/en\/#\/schema\/logo\/image\/\"},\"sameAs\":[\"https:\/\/www.facebook.com\/aquamotion.reha\/\",\"https:\/\/instagram.com\/aquamotion.reha\"]}]}<\/script>\n<!-- \/ Yoast SEO plugin. -->","yoast_head_json":{"title":"Aquamotion - Aquamotion Reha","robots":{"index":"index","follow":"follow","max-snippet":"max-snippet:-1","max-image-preview":"max-image-preview:large","max-video-preview":"max-video-preview:-1"},"canonical":"https:\/\/aquamotion-reha.de\/en\/","og_locale":"en_US","og_type":"article","og_title":"Aquamotion - Aquamotion Reha","og_description":"Lorem ipsum dolor sit amet. Lorem ipsum Close Home \u00dcber uns Reha | Leistungen Wasserf\u00fchranlage Ausbildung | Sport Lehrg\u00e4nge und Unterricht Beritt Kaufberatung | Vermarktung Aktuelles Kontakt Menu Lorem ipsum Lorem ipsum dolor sit amet lorem ipsum Lorem ipsum dolor sit amet, consectetuer adipiscing elit. Aenean commodo ligula eget dolor. Aenean massa. Cum sociis natoque...","og_url":"https:\/\/aquamotion-reha.de\/en\/","og_site_name":"Aquamotion Reha","article_publisher":"https:\/\/www.facebook.com\/aquamotion.reha\/","article_modified_time":"2022-08-31T12:36:43+00:00","og_image":[{"url":"https:\/\/aquamotion-reha.de\/wp-content\/uploads\/Sorka1a.jpg","type":"","width":"","height":""}],"twitter_card":"summary_large_image","twitter_misc":{"Est. reading time":"1 minute"},"schema":{"@context":"https:\/\/schema.org","@graph":[{"@type":"WebPage","@id":"https:\/\/aquamotion-reha.de\/en\/","url":"https:\/\/aquamotion-reha.de\/en\/","name":"Aquamotion - Aquamotion Reha","isPartOf":{"@id":"https:\/\/aquamotion-reha.de\/en\/#website"},"primaryImageOfPage":{"@id":"https:\/\/aquamotion-reha.de\/en\/#primaryimage"},"image":{"@id":"https:\/\/aquamotion-reha.de\/en\/#primaryimage"},"thumbnailUrl":"https:\/\/aquamotion-reha.de\/wp-content\/uploads\/Sorka1a.jpg","datePublished":"2022-05-11T14:02:38+00:00","dateModified":"2022-08-31T12:36:43+00:00","breadcrumb":{"@id":"https:\/\/aquamotion-reha.de\/en\/#breadcrumb"},"inLanguage":"en-US","potentialAction":[{"@type":"ReadAction","target":["https:\/\/aquamotion-reha.de\/en\/"]}]},{"@type":"ImageObject","inLanguage":"en-US","@id":"https:\/\/aquamotion-reha.de\/en\/#primaryimage","url":"https:\/\/aquamotion-reha.de\/wp-content\/uploads\/Sorka1a.jpg","contentUrl":"https:\/\/aquamotion-reha.de\/wp-content\/uploads\/Sorka1a.jpg"},{"@type":"BreadcrumbList","@id":"https:\/\/aquamotion-reha.de\/en\/#breadcrumb","itemListElement":[{"@type":"ListItem","position":1,"name":"Startseite","item":"https:\/\/aquamotion-reha.de\/en\/"},{"@type":"ListItem","position":2,"name":"Aquamotion"}]},{"@type":"WebSite","@id":"https:\/\/aquamotion-reha.de\/en\/#website","url":"https:\/\/aquamotion-reha.de\/en\/","name":"Aquamotion Reha","description":"Rehazentrum f\u00fcr Pferde","publisher":{"@id":"https:\/\/aquamotion-reha.de\/en\/#organization"},"potentialAction":[{"@type":"SearchAction","target":{"@type":"EntryPoint","urlTemplate":"https:\/\/aquamotion-reha.de\/en\/?s={search_term_string}"},"query-input":{"@type":"PropertyValueSpecification","valueRequired":true,"valueName":"search_term_string"}}],"inLanguage":"en-US"},{"@type":"Organization","@id":"https:\/\/aquamotion-reha.de\/en\/#organization","name":"Aquamotion Reha","url":"https:\/\/aquamotion-reha.de\/en\/","logo":{"@type":"ImageObject","inLanguage":"en-US","@id":"https:\/\/aquamotion-reha.de\/en\/#\/schema\/logo\/image\/","url":"https:\/\/aquamotion-reha.de\/wp-content\/uploads\/AquaMotion_Logo_FINAL_UntertitelDeutsch_4C.png","contentUrl":"https:\/\/aquamotion-reha.de\/wp-content\/uploads\/AquaMotion_Logo_FINAL_UntertitelDeutsch_4C.png","width":2081,"height":986,"caption":"Aquamotion Reha"},"image":{"@id":"https:\/\/aquamotion-reha.de\/en\/#\/schema\/logo\/image\/"},"sameAs":["https:\/\/www.facebook.com\/aquamotion.reha\/","https:\/\/instagram.com\/aquamotion.reha"]}]}},"_links":{"self":[{"href":"https:\/\/aquamotion-reha.de\/en\/wp-json\/wp\/v2\/pages\/5212","targetHints":{"allow":["GET"]}}],"collection":[{"href":"https:\/\/aquamotion-reha.de\/en\/wp-json\/wp\/v2\/pages"}],"about":[{"href":"https:\/\/aquamotion-reha.de\/en\/wp-json\/wp\/v2\/types\/page"}],"author":[{"embeddable":true,"href":"https:\/\/aquamotion-reha.de\/en\/wp-json\/wp\/v2\/users\/1"}],"replies":[{"embeddable":true,"href":"https:\/\/aquamotion-reha.de\/en\/wp-json\/wp\/v2\/comments?post=5212"}],"version-history":[{"count":10,"href":"https:\/\/aquamotion-reha.de\/en\/wp-json\/wp\/v2\/pages\/5212\/revisions"}],"predecessor-version":[{"id":6334,"href":"https:\/\/aquamotion-reha.de\/en\/wp-json\/wp\/v2\/pages\/5212\/revisions\/6334"}],"wp:attachment":[{"href":"https:\/\/aquamotion-reha.de\/en\/wp-json\/wp\/v2\/media?parent=5212"}],"curies":[{"name":"wp","href":"https:\/\/api.w.org\/{rel}","templated":true}]}}